{"id":2629,"date":"2024-12-04T00:00:42","date_gmt":"2024-12-03T23:00:42","guid":{"rendered":"https:\/\/olfactivity.com\/notre-magasin\/"},"modified":"2025-08-29T23:17:46","modified_gmt":"2025-08-29T21:17:46","slug":"our-store","status":"publish","type":"page","link":"https:\/\/olfactivity.com\/en\/our-store\/","title":{"rendered":"Our store"},"content":{"rendered":"<section class=\"l-section wpb_row us_custom_a9216b9f height_medium width_full with_img\"><div class=\"l-section-img lazyload\" role=\"img\" aria-label=\"Image\" data-img-width=\"1862\" data-img-height=\"947\" style=\"background-image:inherit;background-position: top center;\" data-bg-image=\"url(https:\/\/olfactivity.com\/wp-content\/uploads\/2025\/02\/Sac-main-lacet-9-3.jpg)\"><\/div><div class=\"l-section-h i-cf\"><div class=\"g-cols vc_row via_flex valign_top type_default stacking_default\"><div class=\"vc_col-sm-12 wpb_column vc_column_container\"><div class=\"vc_column-inner\"><div class=\"wpb_wrapper\"><div class=\"g-cols wpb_row hide_on_tablets hide_on_mobiles via_flex valign_top type_default stacking_default\"><div class=\"vc_col-sm-6 wpb_column vc_column_container\"><div class=\"vc_column-inner\"><div class=\"wpb_wrapper\"><\/div><\/div><\/div><div class=\"vc_col-sm-6 wpb_column vc_column_container has_bg_color\"><div class=\"vc_column-inner us_custom_99b08027\"><div class=\"wpb_wrapper\"><h1 class=\"w-text us_custom_acb87120\"><span class=\"w-text-h\"><span class=\"w-text-value\">The store<\/span><\/span><\/h1><h2 class=\"w-text us_custom_794c720a\"><span class=\"w-text-h\"><span class=\"w-text-value\">Find us next to<br \/>\nthe Champs-Elys\u00e9es<\/span><\/span><\/h2><div class=\"w-image align_center\"><div class=\"w-image-h\"><img decoding=\"async\" width=\"32\" height=\"32\" data-src=\"https:\/\/olfactivity.com\/wp-content\/uploads\/2020\/04\/OLFA_ICO.png\" class=\"attachment-full size-full lazyload\" alt=\"\" src=\"data:image\/svg+xml;base64,PHN2ZyB3aWR0aD0iMSIgaGVpZ2h0PSIxIiB4bWxucz0iaHR0cDovL3d3dy53My5vcmcvMjAwMC9zdmciPjwvc3ZnPg==\" style=\"--smush-placeholder-width: 32px; --smush-placeholder-aspect-ratio: 32\/32;\" \/><\/div><\/div><div class=\"wpb_text_column\"><div class=\"wpb_wrapper\"><p style=\"text-align: center;\"><strong>24 Rue Marbeuf<\/strong><br \/>\n<strong>75008 PARIS<\/strong><\/p>\n<\/div><\/div><div class=\"wpb_text_column us_custom_565f3447\"><div class=\"wpb_wrapper\"><p style=\"text-align: center;\">Metro 1 Franklin D. Roosevelt<br \/>\nM\u00e9tro 9 Franklin D. Roosevelt<br \/>\nA 1 minute \u00e0 pied des Champs-\u00c9lys\u00e9es<\/p>\n<\/div><\/div><\/div><\/div><\/div><\/div><div class=\"g-cols wpb_row hide_on_tablets hide_on_mobiles via_flex valign_top type_default stacking_default\"><div class=\"vc_col-sm-4 wpb_column vc_column_container\"><div class=\"vc_column-inner us_custom_c274691d\"><div class=\"vc_column-overlay\" style=\"background:var(--color-header-transparent-text)\"><\/div><div class=\"wpb_wrapper\"><h3 class=\"w-text us_custom_eb849559\"><span class=\"w-text-h\"><span class=\"w-text-value\">No reservation<\/span><\/span><\/h3><div class=\"wpb_text_column\"><div class=\"wpb_wrapper\"><p style=\"text-align: center;\"><strong>Opening hours<br \/>\n<\/strong>Monday to saturday<strong><br \/>\n<\/strong><em><strong>11:30 &#8211; 14:30<\/strong><\/em><br \/>\n<em><strong>15:00 &#8211; 19:00<\/strong><\/em><\/p>\n<\/div><\/div><\/div><\/div><\/div><div class=\"vc_col-sm-4 wpb_column vc_column_container\"><div class=\"vc_column-inner\"><div class=\"wpb_wrapper\"><\/div><\/div><\/div><div class=\"vc_col-sm-4 wpb_column vc_column_container\"><div class=\"vc_column-inner\"><div class=\"wpb_wrapper\"><\/div><\/div><\/div><\/div><div class=\"g-cols wpb_row hide_on_default hide_on_laptops via_flex valign_top type_default stacking_default\"><div class=\"vc_col-sm-12 wpb_column vc_column_container\"><div class=\"vc_column-inner us_custom_747cbf1a\"><div class=\"vc_column-overlay\" style=\"background:var(--color-header-transparent-text)\"><\/div><div class=\"wpb_wrapper\"><h1 class=\"w-text us_custom_acb87120\"><span class=\"w-text-h\"><span class=\"w-text-value\">The store<\/span><\/span><\/h1><h2 class=\"w-text us_custom_794c720a\"><span class=\"w-text-h\"><span class=\"w-text-value\">Find us next to<br \/>\nthe Champs-Elys\u00e9es<\/span><\/span><\/h2><div class=\"w-image align_center\"><div class=\"w-image-h\"><img decoding=\"async\" width=\"32\" height=\"32\" data-src=\"https:\/\/olfactivity.com\/wp-content\/uploads\/2020\/04\/OLFA_ICO.png\" class=\"attachment-full size-full lazyload\" alt=\"\" src=\"data:image\/svg+xml;base64,PHN2ZyB3aWR0aD0iMSIgaGVpZ2h0PSIxIiB4bWxucz0iaHR0cDovL3d3dy53My5vcmcvMjAwMC9zdmciPjwvc3ZnPg==\" style=\"--smush-placeholder-width: 32px; --smush-placeholder-aspect-ratio: 32\/32;\" \/><\/div><\/div><div class=\"w-separator size_small\"><\/div><div class=\"wpb_text_column\"><div class=\"wpb_wrapper\"><p style=\"text-align: center;\"><strong>24 Rue Marbeuf<\/strong><br \/>\n<strong>75008 PARIS<\/strong><\/p>\n<\/div><\/div><div class=\"wpb_text_column us_custom_565f3447\"><div class=\"wpb_wrapper\"><p style=\"text-align: center;\">Metro 1 Franklin D. Roosevelt<br \/>\nM\u00e9tro 9 Franklin D. Roosevelt<br \/>\n1 minute walk from the Champs-\u00c9lys\u00e9es<\/p>\n<\/div><\/div><div class=\"w-separator size_small\"><\/div><div class=\"w-image align_center\"><div class=\"w-image-h\"><img decoding=\"async\" width=\"32\" height=\"32\" data-src=\"https:\/\/olfactivity.com\/wp-content\/uploads\/2020\/04\/OLFA_ICO.png\" class=\"attachment-full size-full lazyload\" alt=\"\" src=\"data:image\/svg+xml;base64,PHN2ZyB3aWR0aD0iMSIgaGVpZ2h0PSIxIiB4bWxucz0iaHR0cDovL3d3dy53My5vcmcvMjAwMC9zdmciPjwvc3ZnPg==\" style=\"--smush-placeholder-width: 32px; --smush-placeholder-aspect-ratio: 32\/32;\" \/><\/div><\/div><div class=\"w-separator size_small\"><\/div><h3 class=\"w-text us_custom_eb849559\"><span class=\"w-text-h\"><span class=\"w-text-value\">No reservation<\/span><\/span><\/h3><div class=\"wpb_text_column\"><div class=\"wpb_wrapper\"><p style=\"text-align: center;\"><strong>Opening hours<br \/>\n<\/strong>Monday to saturday<strong><br \/>\n<\/strong><em><strong>11:30 &#8211; 14:30<\/strong><\/em><br \/>\n<em><strong>15:00 &#8211; 19:00<\/strong><\/em><\/p>\n<\/div><\/div><\/div><\/div><\/div><\/div><div class=\"w-separator size_huge\"><\/div><div class=\"w-separator size_huge\"><\/div><div class=\"w-separator size_huge\"><\/div><\/div><\/div><\/div><\/div><\/div><\/section><section class=\"l-section wpb_row height_medium with_img\"><div class=\"l-section-img lazyload\" role=\"img\" aria-label=\"Image\" data-img-width=\"1000\" data-img-height=\"532\" style=\"background-image:inherit;background-size: auto;\" data-bg-image=\"url(https:\/\/olfactivity.com\/wp-content\/uploads\/2025\/08\/Fresque_Noire.png)\"><\/div><div class=\"l-section-overlay\" style=\"background:rgba(255,255,255,0.91)\"><\/div><div class=\"l-section-h i-cf\"><div class=\"g-cols vc_row via_flex valign_top type_default stacking_default\"><div class=\"vc_col-sm-8 wpb_column vc_column_container\"><div class=\"vc_column-inner\"><div class=\"wpb_wrapper\"><div class=\"w-map provider_osm us_custom_3ce2d849\" id=\"us_map_1\"><div class=\"w-map-inner\"><div class=\"w-map-json\" onclick='return {&quot;address&quot;:&quot;24 Rue Marbeuf 75008 PARIS&quot;,&quot;disableDragging&quot;:0,&quot;disableZoom&quot;:0,&quot;hideControls&quot;:0,&quot;zoom&quot;:14,&quot;markers&quot;:[{&quot;address&quot;:&quot;24 Rue Marbeuf 75008 PARIS&quot;,&quot;html&quot;:&quot;Hello! We are here! :)&quot;,&quot;infowindow&quot;:0}],&quot;style&quot;:&quot;https:\\\/\\\/{s}.tile.openstreetmap.org\\\/{z}\\\/{x}\\\/{y}.png&quot;}'><\/div><\/div><\/div><\/div><\/div><\/div><div class=\"vc_col-sm-4 wpb_column vc_column_container\"><div class=\"vc_column-inner\"><div class=\"wpb_wrapper\"><div class=\"w-grid us_carousel type_carousel layout_gallery_default preload_style_spinner ratio_4x3\" id=\"us_grid_1\" style=\"--item-ratio:0.75;\"><style>.layout_gallery_default .w-grid-item-h{}<\/style><div class=\"w-grid-list owl-carousel valign_stretch dotstyle_diamond navstyle_circle arrows-ver-pos_middle arrows-hor-pos_on_sides_inside arrows-disabled_hide owl-responsive-2000 autoheight with_dots with_arrows\" style=\"--transition-duration:350ms;--arrows-size:1.5rem;--arrows-hor-offset:calc(0px - 0px);--arrows-gap:10px;\">\t<article class=\"w-grid-item post-2649 attachment type-attachment status-inherit hentry\" data-id=\"2649\">\r\n\t\t<div class=\"w-grid-item-h\">\r\n\t\t\t\t\t\t\t<a ref=\"magnificPopupGrid\" href=\"https:\/\/olfactivity.com\/wp-content\/uploads\/2024\/04\/olfa-marbeuf.jpg\" class=\"w-grid-item-anchor\" aria-label=\"olfa-marbeuf\"><\/a>\r\n\t\t\t\t\t\t<div class=\"w-post-elm post_image usg_post_image_1 stretched\"><img decoding=\"async\" width=\"300\" height=\"269\" data-src=\"https:\/\/olfactivity.com\/wp-content\/uploads\/2024\/04\/olfa-marbeuf-300x269.jpg\" class=\"attachment-medium size-medium lazyload\" alt=\"\" data-srcset=\"https:\/\/olfactivity.com\/wp-content\/uploads\/2024\/04\/olfa-marbeuf-300x269.jpg 300w, https:\/\/olfactivity.com\/wp-content\/uploads\/2024\/04\/olfa-marbeuf-500x449.jpg 500w, https:\/\/olfactivity.com\/wp-content\/uploads\/2024\/04\/olfa-marbeuf-600x539.jpg 600w, https:\/\/olfactivity.com\/wp-content\/uploads\/2024\/04\/olfa-marbeuf-84x75.jpg 84w, https:\/\/olfactivity.com\/wp-content\/uploads\/2024\/04\/olfa-marbeuf-480x431.jpg 480w, https:\/\/olfactivity.com\/wp-content\/uploads\/2024\/04\/olfa-marbeuf.jpg 608w\" data-sizes=\"(max-width: 300px) 100vw, 300px\" src=\"data:image\/svg+xml;base64,PHN2ZyB3aWR0aD0iMSIgaGVpZ2h0PSIxIiB4bWxucz0iaHR0cDovL3d3dy53My5vcmcvMjAwMC9zdmciPjwvc3ZnPg==\" style=\"--smush-placeholder-width: 300px; --smush-placeholder-aspect-ratio: 300\/269;\" \/><\/div>\t\t<\/div>\r\n\t\t\t<\/article>\r\n\t<article class=\"w-grid-item post-2648 attachment type-attachment status-inherit hentry\" data-id=\"2648\">\r\n\t\t<div class=\"w-grid-item-h\">\r\n\t\t\t\t\t\t\t<a ref=\"magnificPopupGrid\" href=\"https:\/\/olfactivity.com\/wp-content\/uploads\/2024\/04\/marbeuf-interieur2.jpg\" class=\"w-grid-item-anchor\" aria-label=\"marbeuf-interieur2\"><\/a>\r\n\t\t\t\t\t\t<div class=\"w-post-elm post_image usg_post_image_1 stretched\"><img decoding=\"async\" width=\"300\" height=\"224\" data-src=\"https:\/\/olfactivity.com\/wp-content\/uploads\/2024\/04\/marbeuf-interieur2-300x224.jpg\" class=\"attachment-medium size-medium lazyload\" alt=\"\" data-srcset=\"https:\/\/olfactivity.com\/wp-content\/uploads\/2024\/04\/marbeuf-interieur2-300x224.jpg 300w, https:\/\/olfactivity.com\/wp-content\/uploads\/2024\/04\/marbeuf-interieur2-500x374.jpg 500w, https:\/\/olfactivity.com\/wp-content\/uploads\/2024\/04\/marbeuf-interieur2-600x449.jpg 600w, https:\/\/olfactivity.com\/wp-content\/uploads\/2024\/04\/marbeuf-interieur2-768x575.jpg 768w, https:\/\/olfactivity.com\/wp-content\/uploads\/2024\/04\/marbeuf-interieur2-100x75.jpg 100w, https:\/\/olfactivity.com\/wp-content\/uploads\/2024\/04\/marbeuf-interieur2-480x359.jpg 480w, https:\/\/olfactivity.com\/wp-content\/uploads\/2024\/04\/marbeuf-interieur2.jpg 778w\" data-sizes=\"(max-width: 300px) 100vw, 300px\" src=\"data:image\/svg+xml;base64,PHN2ZyB3aWR0aD0iMSIgaGVpZ2h0PSIxIiB4bWxucz0iaHR0cDovL3d3dy53My5vcmcvMjAwMC9zdmciPjwvc3ZnPg==\" style=\"--smush-placeholder-width: 300px; --smush-placeholder-aspect-ratio: 300\/224;\" \/><\/div>\t\t<\/div>\r\n\t\t\t<\/article>\r\n\t<article class=\"w-grid-item post-3355 attachment type-attachment status-inherit hentry\" data-id=\"3355\">\r\n\t\t<div class=\"w-grid-item-h\">\r\n\t\t\t\t\t\t\t<a ref=\"magnificPopupGrid\" href=\"https:\/\/olfactivity.com\/wp-content\/uploads\/2024\/04\/Carrousel-1-Univers-visuel-1-scaled.jpg\" class=\"w-grid-item-anchor\" aria-label=\"Univers visuel\"><\/a>\r\n\t\t\t\t\t\t<div class=\"w-post-elm post_image usg_post_image_1 stretched\"><img decoding=\"async\" width=\"300\" height=\"225\" data-src=\"https:\/\/olfactivity.com\/wp-content\/uploads\/2024\/04\/Carrousel-1-Univers-visuel-1-300x225.jpg\" class=\"attachment-medium size-medium lazyload\" alt=\"\" data-srcset=\"https:\/\/olfactivity.com\/wp-content\/uploads\/2024\/04\/Carrousel-1-Univers-visuel-1-scaled-300x225.jpg 300w, https:\/\/olfactivity.com\/wp-content\/uploads\/2024\/04\/Carrousel-1-Univers-visuel-1-scaled-500x375.jpg 500w, https:\/\/olfactivity.com\/wp-content\/uploads\/2024\/04\/Carrousel-1-Univers-visuel-1-scaled-600x450.jpg 600w, https:\/\/olfactivity.com\/wp-content\/uploads\/2024\/04\/Carrousel-1-Univers-visuel-1-scaled-1024x768.jpg 1024w, https:\/\/olfactivity.com\/wp-content\/uploads\/2024\/04\/Carrousel-1-Univers-visuel-1-768x576.jpg 768w, https:\/\/olfactivity.com\/wp-content\/uploads\/2024\/04\/Carrousel-1-Univers-visuel-1-1536x1152.jpg 1536w, https:\/\/olfactivity.com\/wp-content\/uploads\/2024\/04\/Carrousel-1-Univers-visuel-1-2048x1536.jpg 2048w, https:\/\/olfactivity.com\/wp-content\/uploads\/2024\/04\/Carrousel-1-Univers-visuel-1-100x75.jpg 100w, https:\/\/olfactivity.com\/wp-content\/uploads\/2024\/04\/Carrousel-1-Univers-visuel-1-960x720.jpg 960w, https:\/\/olfactivity.com\/wp-content\/uploads\/2024\/04\/Carrousel-1-Univers-visuel-1-480x360.jpg 480w\" data-sizes=\"(max-width: 300px) 100vw, 300px\" src=\"data:image\/svg+xml;base64,PHN2ZyB3aWR0aD0iMSIgaGVpZ2h0PSIxIiB4bWxucz0iaHR0cDovL3d3dy53My5vcmcvMjAwMC9zdmciPjwvc3ZnPg==\" style=\"--smush-placeholder-width: 300px; --smush-placeholder-aspect-ratio: 300\/225;\" \/><\/div>\t\t<\/div>\r\n\t\t\t<\/article>\r\n\t<article class=\"w-grid-item post-3273 attachment type-attachment status-inherit hentry\" data-id=\"3273\">\r\n\t\t<div class=\"w-grid-item-h\">\r\n\t\t\t\t\t\t\t<a ref=\"magnificPopupGrid\" href=\"https:\/\/olfactivity.com\/wp-content\/uploads\/2025\/08\/Boutique-photo-2-1-1-1024x768-1.jpg\" class=\"w-grid-item-anchor\" aria-label=\"Boutique-photo-2-1-1-1024&#215;768-1\"><\/a>\r\n\t\t\t\t\t\t<div class=\"w-post-elm post_image usg_post_image_1 stretched\"><img decoding=\"async\" width=\"300\" height=\"225\" data-src=\"https:\/\/olfactivity.com\/wp-content\/uploads\/2025\/08\/Boutique-photo-2-1-1-1024x768-1-300x225.jpg\" class=\"attachment-medium size-medium lazyload\" alt=\"\" data-srcset=\"https:\/\/olfactivity.com\/wp-content\/uploads\/2025\/08\/Boutique-photo-2-1-1-1024x768-1-300x225.jpg 300w, https:\/\/olfactivity.com\/wp-content\/uploads\/2025\/08\/Boutique-photo-2-1-1-1024x768-1-500x375.jpg 500w, https:\/\/olfactivity.com\/wp-content\/uploads\/2025\/08\/Boutique-photo-2-1-1-1024x768-1-600x450.jpg 600w, https:\/\/olfactivity.com\/wp-content\/uploads\/2025\/08\/Boutique-photo-2-1-1-1024x768-1.jpg 1024w\" data-sizes=\"(max-width: 300px) 100vw, 300px\" src=\"data:image\/svg+xml;base64,PHN2ZyB3aWR0aD0iMSIgaGVpZ2h0PSIxIiB4bWxucz0iaHR0cDovL3d3dy53My5vcmcvMjAwMC9zdmciPjwvc3ZnPg==\" style=\"--smush-placeholder-width: 300px; --smush-placeholder-aspect-ratio: 300\/225;\" \/><\/div>\t\t<\/div>\r\n\t\t\t<\/article>\r\n<\/div><div class=\"w-grid-carousel-json hidden\" onclick='return {&quot;carousel_settings&quot;:{&quot;aria_labels&quot;:{&quot;prev&quot;:&quot;Previous&quot;,&quot;next&quot;:&quot;Next&quot;},&quot;autoplayContinual&quot;:false,&quot;autoplayHoverPause&quot;:false,&quot;autoplayTimeout&quot;:3000,&quot;autoWidth&quot;:false,&quot;smartSpeed&quot;:350,&quot;margin&quot;:0,&quot;mouseDrag&quot;:true,&quot;rtl&quot;:false,&quot;slideBy&quot;:&quot;1&quot;,&quot;touchDrag&quot;:true,&quot;slideTransition&quot;:&quot;&quot;,&quot;responsive&quot;:{&quot;0&quot;:{&quot;autoHeight&quot;:true,&quot;autoplay&quot;:true,&quot;autoWidth&quot;:false,&quot;center&quot;:false,&quot;dots&quot;:true,&quot;items&quot;:1,&quot;loop&quot;:true,&quot;nav&quot;:true,&quot;stagePadding&quot;:0,&quot;slideBy&quot;:&quot;1&quot;},&quot;601&quot;:{&quot;items&quot;:1,&quot;autoplay&quot;:false,&quot;center&quot;:false,&quot;dots&quot;:true,&quot;nav&quot;:true,&quot;autoHeight&quot;:true,&quot;autoWidth&quot;:false,&quot;loop&quot;:true,&quot;stagePadding&quot;:0}}}}'><\/div><\/div><\/div><\/div><\/div><\/div><\/div><\/section>\n","protected":false},"excerpt":{"rendered":"","protected":false},"author":9,"featured_media":0,"parent":0,"menu_order":0,"comment_status":"closed","ping_status":"closed","template":"","meta":{"footnotes":""},"class_list":["post-2629","page","type-page","status-publish","hentry"],"_links":{"self":[{"href":"https:\/\/olfactivity.com\/en\/wp-json\/wp\/v2\/pages\/2629","targetHints":{"allow":["GET"]}}],"collection":[{"href":"https:\/\/olfactivity.com\/en\/wp-json\/wp\/v2\/pages"}],"about":[{"href":"https:\/\/olfactivity.com\/en\/wp-json\/wp\/v2\/types\/page"}],"author":[{"embeddable":true,"href":"https:\/\/olfactivity.com\/en\/wp-json\/wp\/v2\/users\/9"}],"replies":[{"embeddable":true,"href":"https:\/\/olfactivity.com\/en\/wp-json\/wp\/v2\/comments?post=2629"}],"version-history":[{"count":7,"href":"https:\/\/olfactivity.com\/en\/wp-json\/wp\/v2\/pages\/2629\/revisions"}],"predecessor-version":[{"id":3279,"href":"https:\/\/olfactivity.com\/en\/wp-json\/wp\/v2\/pages\/2629\/revisions\/3279"}],"wp:attachment":[{"href":"https:\/\/olfactivity.com\/en\/wp-json\/wp\/v2\/media?parent=2629"}],"curies":[{"name":"wp","href":"https:\/\/api.w.org\/{rel}","templated":true}]}}